{"id":122,"date":"2013-11-25T08:20:16","date_gmt":"2013-11-25T08:20:16","guid":{"rendered":"http:\/\/chili2014.matbaoweb.com\/?page_id=122"},"modified":"2015-09-29T22:31:26","modified_gmt":"2015-09-29T15:31:26","slug":"lien-he","status":"publish","type":"page","link":"https:\/\/phuonggia.chiliweb.org\/en\/contact\/","title":{"rendered":"Contact"},"content":{"rendered":"<div class=\"one_half\"><div class='heading-title-block heading-1'><h1>Contact Info<\/h1><\/div>\n\n<!-- Fast Secure Contact Form plugin 4.0.37 - begin - FastSecureContactForm.com -->\r\n<div style=\"clear:both;\"><\/div>\n\r\n<div id=\"FSContact1\" style=\"float:left;\">\r\n<form action=\"https:\/\/phuonggia.chiliweb.org\/en\/wp-json\/wp\/v2\/pages\/122#FSContact1\" id=\"fscf_form1\" method=\"post\">\r\n\n<div id=\"fscf_required1\">\n  <span style=\"text-align:left;\">*<\/span> <span style=\"text-align:left;\">B\u1eaft bu\u1ed9c \u0111i\u1ec1n<\/span>\n<\/div>\n\n\n<div id=\"fscf_div_clear1_0\" style=\"clear:both;\">\n  <div id=\"fscf_div_field1_0\" style=\"clear:left; float:left; width:99%; max-width:550px; margin-right:10px;\">\r\n    <div style=\"text-align:left; padding-top:5px;\">\n      <label style=\"text-align:left;\" for=\"fscf_name1\">T\u00ean<span style=\"text-align:left;\">*<\/span><\/label>\n    <\/div>\r\n    <div style=\"text-align:left;\">\r\n      <input style=\"text-align:left; margin:0; width:350px;\" type=\"text\" id=\"fscf_name1\" name=\"full_name\" value=\"\"  \/>\r\n    <\/div>\r\n  <\/div>\n<\/div>\n\n<div id=\"fscf_div_clear1_1\" style=\"clear:both;\">\n  <div id=\"fscf_div_field1_1\" style=\"clear:left; float:left; width:99%; max-width:550px; margin-right:10px;\">\n    <div style=\"text-align:left; padding-top:5px;\">\n      <label style=\"text-align:left;\" for=\"fscf_email1\">Email:<span style=\"text-align:left;\">*<\/span><\/label>\n    <\/div>\n    <div style=\"text-align:left;\">\n      <input style=\"text-align:left; margin:0; width:350px;\" type=\"text\" id=\"fscf_email1\" name=\"email\" value=\"\"  \/>\n    <\/div>\n  <\/div>\n<\/div>\n\n<div id=\"fscf_div_clear1_2\" style=\"clear:both;\">\n  <div id=\"fscf_div_field1_2\" style=\"clear:left; float:left; width:99%; max-width:550px; margin-right:10px;\">\n    <div style=\"text-align:left; padding-top:5px;\">\n      <label style=\"text-align:left;\" for=\"fscf_field1_2\">Ti\u00eau \u0111\u1ec1<span style=\"text-align:left;\">*<\/span><\/label>\n    <\/div>\n    <div style=\"text-align:left;\">\n      <input style=\"text-align:left; margin:0; width:350px;\" type=\"text\" id=\"fscf_field1_2\" name=\"subject\" value=\"\"  \/>\n    <\/div>\n  <\/div>\n<\/div>\n\n<div id=\"fscf_div_clear1_3\" style=\"clear:both;\">\n  <div id=\"fscf_div_field1_3\" style=\"clear:left; float:left; width:99%; max-width:550px; margin-right:10px;\">\n    <div style=\"text-align:left; padding-top:5px;\">\n      <label style=\"text-align:left;\" for=\"fscf_field1_3\">Tin nh\u1eafn<span style=\"text-align:left;\">*<\/span><\/label>\n    <\/div>\n    <div style=\"text-align:left;\">\n      <textarea style=\"text-align:left; margin:0;width:350px; height:120px;\" id=\"fscf_field1_3\" name=\"message\" cols=\"30\" rows=\"10\" ><\/textarea>\n    <\/div>\n  <\/div>\n<\/div>\r\n<div style=\"clear:both;\"><\/div>\n\n<div id=\"fscf_submit_div1\" style=\"text-align:left; clear:both; padding-top:15px;\">\r\n\t\t<input type=\"submit\" id=\"fscf_submit1\" style=\"cursor:pointer; margin:0;padding:6px 30px 6px 30px;\" value=\"G\u1eedi\"  onclick=\"this.disabled=true; this.value='Submitting...'; this.form.submit();\" \/> \n<\/div>\n\n<input type=\"hidden\" name=\"fscf_submitted\" value=\"0\" \/>\n<input type=\"hidden\" name=\"fs_postonce_1\" value=\"87cc3a6d3779ba0942d71d55a467c646,1775507035\" \/>\n<input type=\"hidden\" name=\"si_contact_action\" value=\"send\" \/>\n<input type=\"hidden\" name=\"form_id\" value=\"1\" \/>\n<input type=\"hidden\" name=\"mailto_id\" value=\"1\" \/>\n\n<\/form>\n<\/div>\r\n<div style=\"clear:both;\"><\/div>\n\n<!-- Fast Secure Contact Form plugin 4.0.37 - end - FastSecureContactForm.com -->\n<\/div> <div class=\"one_half last\"><div class='heading-title-block heading-1'><h1>Contact us<\/h1><\/div> <p><strong>PH\u01af\u01a0NG GIA &#8211; Lighting World<\/strong><br \/>\n<b>Address:<\/b>\u00a047-47A Cao Th\u1eafng, Ward 3, District 3, HCM city<br \/>\n<b>Phone number:<\/b>\u00a0+84 0283 9292 666 &#8211; +84 0283 9292 777<br \/>\n<b>Hotline:<\/b>\u00a00903 906 508<br \/>\n<b>Tax code:<\/b>\u00a00301385498<br \/>\n<b>Website:<\/b> http:\/\/www.phuonggia.lighting<br \/>\n<b>Email:<\/b> info@phuonggia.lighting<\/p>\n<\/div><div class=\"clearboth\"><\/div>\n","protected":false},"excerpt":{"rendered":"Th\u00f4ng tin li\u00ean h\u1ec7 * B\u1eaft bu\u1ed9c \u0111i\u1ec1n T\u00ean* Email:* Ti\u00eau \u0111\u1ec1* Tin nh\u1eafn* Li\u00ean h\u1ec7 ch\u00fang t\u00f4i PH\u01af\u01a0NG GIA &#8211; Lighting World Address:\u00a047-47A Cao Th\u1eafng, Ward 3, District 3, HCM city Phone number:\u00a0+84 0283 9292 666 &#8211; +84 0283 9292 777 Hotline:\u00a00903 906 508 Tax code:\u00a00301385498 Website: http:\/\/www.phuonggia.lighting Email: info@phuonggia.lighting Contact Info * B\u1eaft bu\u1ed9c \u0111i\u1ec1n T\u00ean* Email:* Ti\u00eau \u0111\u1ec1* Tin nh\u1eafn* Contact us PH\u01af\u01a0NG GIA &#8211; Lighting World Address:\u00a047-47A Cao Th\u1eafng, Ward 3, District 3, HCM city Phone number:\u00a0+84 0283 9292 666 &#8211; +84 0283 9292 777 Hotline:\u00a00903 906 508 Tax code:\u00a00301385498 Website: http:\/\/www.phuonggia.lighting Email: info@phuonggia.lighting","protected":false},"author":1,"featured_media":0,"parent":0,"menu_order":18,"comment_status":"closed","ping_status":"closed","template":"page-templates\/contact-template.php","meta":[],"_links":{"self":[{"href":"https:\/\/phuonggia.chiliweb.org\/en\/wp-json\/wp\/v2\/pages\/122"}],"collection":[{"href":"https:\/\/phuonggia.chiliweb.org\/en\/wp-json\/wp\/v2\/pages"}],"about":[{"href":"https:\/\/phuonggia.chiliweb.org\/en\/wp-json\/wp\/v2\/types\/page"}],"author":[{"embeddable":true,"href":"https:\/\/phuonggia.chiliweb.org\/en\/wp-json\/wp\/v2\/users\/1"}],"replies":[{"embeddable":true,"href":"https:\/\/phuonggia.chiliweb.org\/en\/wp-json\/wp\/v2\/comments?post=122"}],"version-history":[{"count":23,"href":"https:\/\/phuonggia.chiliweb.org\/en\/wp-json\/wp\/v2\/pages\/122\/revisions"}],"predecessor-version":[{"id":151,"href":"https:\/\/phuonggia.chiliweb.org\/en\/wp-json\/wp\/v2\/pages\/122\/revisions\/151"}],"wp:attachment":[{"href":"https:\/\/phuonggia.chiliweb.org\/en\/wp-json\/wp\/v2\/media?parent=122"}],"curies":[{"name":"wp","href":"https:\/\/api.w.org\/{rel}","templated":true}]}}