{"id":2540,"date":"2014-05-06T03:18:51","date_gmt":"2014-05-06T03:18:51","guid":{"rendered":"http:\/\/demo2.wpdance.com\/oswadmarket_sample\/?page_id=2540"},"modified":"2016-01-11T16:09:49","modified_gmt":"2016-01-11T09:09:49","slug":"wishlist","status":"publish","type":"page","link":"https:\/\/phuonggia.chiliweb.org\/en\/favorite\/","title":{"rendered":"Favorite"},"content":{"rendered":"<div id=\"yith-wcwl-messages\"><\/div>\r\n\r\n\r\n<form\r\n\tid=\"yith-wcwl-form\"\r\n\taction=\"https:\/\/phuonggia.chiliweb.org\/en\/favorite\/\"\r\n\tmethod=\"post\"\r\n>\r\n\r\n    <!-- TITLE -->\r\n            <div class=\"wishlist-title \">\r\n            <h2>Danh S\u00e1ch Y\u00eau Th\u00edch<\/h2>                    <\/div>\r\n            \r\n    <!-- WISHLIST TABLE -->\r\n    <table\r\n\t    class=\"shop_table cart wishlist_table\"\r\n\t    cellspacing=\"0\"\r\n\t    data-pagination=\"no\"\r\n\t    data-per-page=\"5\"\r\n\t    data-page=\"1\"\r\n\t    data-id=\"\"\r\n\t    data-token=\"\"\r\n    >\r\n\r\n\t    \r\n        <thead>\r\n        <tr>\r\n\t        \r\n\t        \t\t        <th class=\"product-remove\"><\/th>\r\n\t        \r\n            <th class=\"product-thumbnail\"><\/th>\r\n\r\n            <th class=\"product-name\">\r\n                <span class=\"nobr\">Product Name<\/span>\r\n            <\/th>\r\n\r\n            \r\n                <th class=\"product-price\">\r\n                    <span class=\"nobr\">\r\n                        Unit Price                    <\/span>\r\n                <\/th>\r\n\r\n            \r\n            \r\n                <th class=\"product-stock-stauts\">\r\n                    <span class=\"nobr\">\r\n                        Stock Status                    <\/span>\r\n                <\/th>\r\n\r\n            \r\n            \r\n                <th class=\"product-add-to-cart\"><\/th>\r\n\r\n                    <\/tr>\r\n        <\/thead>\r\n\r\n        <tbody>\r\n                    <tr>\r\n                <td colspan=\"6\" class=\"wishlist-empty\">No products were added to the wishlist<\/td>\r\n            <\/tr>\r\n                <\/tbody>\r\n\r\n        <tfoot>\r\n        <tr>\r\n\t        <td colspan=\"6\">\r\n\t            \r\n\t            \r\n\t\t        \r\n<div class=\"yith-wcwl-share\">\r\n    <h4 class=\"yith-wcwl-share-title\">Share on:<\/h4>\r\n    <ul>\r\n                    <li style=\"list-style-type: none; display: inline-block;\">\r\n                <a target=\"_blank\" class=\"facebook\" href=\"https:\/\/www.facebook.com\/sharer.php?s=100&amp;p[title]=Danh+S%C3%A1ch+Y%C3%AAu+Th%C3%ADch+C%E1%BB%A7a+T%C3%B4i&amp;p[url]=https:\/\/phuonggia.chiliweb.org\/en\/favorite\/&amp;p[summary]=&amp;p[images][0]=\" title=\"Facebook\"><\/a>\r\n            <\/li>\r\n        \r\n                    <li style=\"list-style-type: none; display: inline-block;\">\r\n                <a target=\"_blank\" class=\"twitter\" href=\"https:\/\/twitter.com\/share?url=https:\/\/phuonggia.chiliweb.org\/en\/favorite\/&amp;text=\" title=\"Twitter\"><\/a>\r\n            <\/li>\r\n        \r\n                    <li style=\"list-style-type: none; display: inline-block;\">\r\n                <a target=\"_blank\" class=\"pinterest\" href=\"http:\/\/pinterest.com\/pin\/create\/button\/?url=https:\/\/phuonggia.chiliweb.org\/en\/favorite\/&amp;description=&media=\" title=\"Pinterest\" onclick=\"window.open(this.href); return false;\"><\/a>\r\n            <\/li>\r\n        \r\n                    <li style=\"list-style-type: none; display: inline-block;\">\r\n                <a target=\"_blank\" class=\"googleplus\" href=\"https:\/\/plus.google.com\/share?url=https:\/\/phuonggia.chiliweb.org\/en\/favorite\/&amp;title=Danh+S%C3%A1ch+Y%C3%AAu+Th%C3%ADch+C%E1%BB%A7a+T%C3%B4i\" title=\"Google+\" onclick='javascript:window.open(this.href, \"\", \"menubar=no,toolbar=no,resizable=yes,scrollbars=yes,height=600,width=600\");return false;'><\/a>\r\n            <\/li>\r\n        \r\n                    <li style=\"list-style-type: none; display: inline-block;\">\r\n                <a class=\"email\" href=\"mailto:?subject=I wanted you to see this site&amp;body=https:\/\/phuonggia.chiliweb.org\/en\/favorite\/&amp;title=Danh+S%C3%A1ch+Y%C3%AAu+Th%C3%ADch+C%E1%BB%A7a+T%C3%B4i\" title=\"Email\"><\/a>\r\n            <\/li>\r\n            <\/ul>\r\n<\/div>\t        <\/td>\r\n        <\/tr>\r\n        <\/tfoot>\r\n\r\n    <\/table>\r\n\r\n    <input type=\"hidden\" id=\"yith_wcwl_edit_wishlist\" name=\"yith_wcwl_edit_wishlist\" value=\"c487af6eaa\" \/><input type=\"hidden\" name=\"_wp_http_referer\" value=\"\/en\/wp-json\/wp\/v2\/pages\/2540\" \/>\r\n    \r\n    \r\n<\/form>\r\n\r\n\n","protected":false},"excerpt":{"rendered":"Danh S\u00e1ch Y\u00eau Th\u00edch Product Name Unit Price Stock Status No products were added to the wishlist Share on: Danh S\u00e1ch Y\u00eau Th\u00edch Product Name Unit Price Stock Status No products were added to the wishlist Share on:","protected":false},"author":1,"featured_media":0,"parent":0,"menu_order":5,"comment_status":"closed","ping_status":"closed","template":"","meta":[],"_links":{"self":[{"href":"https:\/\/phuonggia.chiliweb.org\/en\/wp-json\/wp\/v2\/pages\/2540"}],"collection":[{"href":"https:\/\/phuonggia.chiliweb.org\/en\/wp-json\/wp\/v2\/pages"}],"about":[{"href":"https:\/\/phuonggia.chiliweb.org\/en\/wp-json\/wp\/v2\/types\/page"}],"author":[{"embeddable":true,"href":"https:\/\/phuonggia.chiliweb.org\/en\/wp-json\/wp\/v2\/users\/1"}],"replies":[{"embeddable":true,"href":"https:\/\/phuonggia.chiliweb.org\/en\/wp-json\/wp\/v2\/comments?post=2540"}],"version-history":[{"count":0,"href":"https:\/\/phuonggia.chiliweb.org\/en\/wp-json\/wp\/v2\/pages\/2540\/revisions"}],"wp:attachment":[{"href":"https:\/\/phuonggia.chiliweb.org\/en\/wp-json\/wp\/v2\/media?parent=2540"}],"curies":[{"name":"wp","href":"https:\/\/api.w.org\/{rel}","templated":true}]}}