{"id":423,"date":"2013-12-06T06:57:41","date_gmt":"2013-12-06T06:57:41","guid":{"rendered":"http:\/\/chili2014.matbaoweb.com\/?page_id=423"},"modified":"2015-09-28T16:41:33","modified_gmt":"2015-09-28T09:41:33","slug":"gioi-thieu","status":"publish","type":"page","link":"https:\/\/phuonggia.chiliweb.org\/en\/introduce\/","title":{"rendered":"Introduce"},"content":{"rendered":"<p>Sorry, this entry is only available in <a href=\"https:\/\/phuonggia.chiliweb.org\/wp-json\/wp\/v2\/pages\/423\">Ti\u1ebfng Vi\u1ec7t<\/a>.<\/p>\n","protected":false},"excerpt":{"rendered":"V\u1ec1 ch\u00fang t\u00f4i V\u1ec1 s\u1ea3n ph\u1ea9m V\u1edbi s\u1ef1 ph\u00e1t tri\u1ec3n v\u01b0\u1ee3t b\u1eadc c\u1ee7a c\u00f4ng ngh\u1ec7 LED, \u0111\u00e8n LED ng\u00e0y nay \u0111\u01b0\u1ee3c s\u1eed d\u1ee5ng trong m\u1ecdi l\u0129nh v\u1ef1c chi\u1ebfu s\u00e1ng t\u1eeb trang tr\u00ed n\u1ed9i ngo\u1ea1i th\u1ea5t \u0111\u1ebfn c\u00e1c c\u00f4ng tr\u00ecnh c\u00f4ng c\u1ed9ng\u2026. Ph\u01b0\u01a1ng Gia Lighting th\u00e0nh l\u1eadp \u0111\u1ec3 \u0111\u00e1p \u1ee9ng nhu c\u1ea7u c\u1ee7a kh\u00e1ch h\u00e0ng v\u1ec1 c\u00e1c s\u1ea3n ph\u1ea9m LED g\u00f3p ph\u1ea7n c\u1ea3i thi\u1ec7n m\u00f4i tr\u01b0\u1eddng s\u1ed1ng v\u00e0 n\u00e2ng cao ch\u1ea5t l\u01b0\u1ee3ng cu\u1ed9c s\u1ed1ng. wpdance T\u1ea1i Ph\u01b0\u01a1ng Gia Lighting, kh\u00e1ch h\u00e0ng d\u1ec5 d\u00e0ng th\u1ea5y l\u00f2ng hi\u1ebfu kh\u00e1ch, t\u00ednh chuy\u00ean nghi\u1ec7p c\u1ee7a \u0111\u1ed9i ng\u0169 nh\u00e2n vi\u00ean nhi\u1ec1u kinh nghi\u1ec7m, th\u00e2n thi\u1ec7n, trung th\u1ef1c, lu\u00f4n l\u1eafng nghe, s\u1eb5n s\u00e0ng t\u01b0 v\u1ea5n c\u00e1c gi\u1ea3i ph\u00e1p chi\u1ebfu s\u00e1ng, s\u1ea3n ph\u1ea9m ph\u00f9 h\u1ee3p, hi\u1ec7u qu\u1ea3 cho m\u1ed7i kh\u00e1ch h\u00e0ng v\u00e0 ch\u00fang t\u00f4i cam k\u1ebft cung c\u1ea5p c\u00e1c s\u1ea3n ph\u1ea9m LED ch\u1ea5t l\u01b0\u1ee3ng, gi\u00e1 c\u1ea3 ph\u00f9 h\u1ee3p, t\u00ednh n\u0103ng k\u1ef9 thu\u1eadt n\u1ed5i tr\u1ed9i trong t\u1ea7m gi\u00e1, ngu\u1ed3n g\u1ed1c xu\u1ea5t x\u1ee9 r\u00f5 r\u00e0ng. wpdance Trong t\u01b0\u01a1ng lai g\u1ea7n, Ph\u01b0\u01a1ng Gia Lighting h\u01b0\u1edbng \u0111\u1ebfn chu\u1ed7i ph\u00e2n ph\u1ed1i r\u1ed9ng kh\u1eafp, cung c\u1ea5p nh\u1eefng s\u1ea3n ph\u1ea9m n\u1ed5i b\u1eadt, ch\u1ea5t l\u01b0\u1ee3ng t\u1ed1t nh\u1ea5t, gi\u00e1 c\u1ea1nh tranh nh\u1ea5t , \u0111\u00e1p \u1ee9ng y\u00eau c\u1ea7u cao nh\u1ea5t v\u1ec1 ki\u1ec3u d\u00e1ng, t\u00ednh n\u0103ng, l\u1ee3i \u00edch s\u1eed d\u1ee5ng nh\u1eb1m mang l\u1ea1i nhi\u1ec1u gi\u00e1 tr\u1ecb gia t\u0103ng cho kh\u00e1ch h\u00e0ng. wpdance \u0110\u1ebfn v\u1edbi Ph\u01b0\u01a1ng Gia Lighting \u2013 Qu\u00fd kh\u00e1ch h\u00e0ng s\u1ebd c\u1ea3m nh\u1eadn c\u00f3 \u201c M\u1ecdi th\u1ee9 v\u1ec1 LED \u201d wpdance Th\u1ebf gi\u1edbi chi\u1ebfu s\u00e1ng Ph\u01b0\u01a1ng Gia \u0110\u1ecba ch\u1ec9: 47-47A Cao Th\u1eafng, P.4, Q.3, Tp.HCM \u0110i\u1ec7n tho\u1ea1i: (08)3.9292.666 \u2013 (08)3.9292.777 Email: info@phuonggia.lighting Website: www.phuonggia.lighting M\u00e3 s\u1ed1 thu\u1ebf: 0301385498 Ng\u00e0nh ngh\u1ec1: cung c\u1ea5p thi\u1ebft b\u1ecb chi\u1ebfu s\u00e1ng s\u1eed d\u1ee5ng LED\u2026. wpdance wpdance T\u1ea7m nh\u00ecn Ch\u00fang t\u00f4i h\u01b0\u1edbng \u0111\u1ebfn x\u00e2y d\u1ef1ng h\u1ec7 th\u1ed1ng b\u00e1n l\u1ebb chuy\u00ean nghi\u1ec7p, cung c\u1ea5p thi\u1ebft b\u1ecb chi\u1ebfu s\u00e1ng s\u1eed d\u1ee5ng LED c\u00f3 \u0111\u1eb7c t\u00ednh k\u1ef9 thu\u1eadt v\u01b0\u1ee3t tr\u1ed9i v\u1edbi m\u1ee9c gi\u00e1 t\u1ed1t nh\u1ea5t ph\u00f9 h\u1ee3p cho t\u1ea5t c\u1ea3 kh\u00e1ch h\u00e0ng. wpdance S\u1ee9 m\u1ec7nh - V\u1edbi kh\u00e1ch h\u00e0ng: mang \u0111\u1ebfn s\u1ea3n ph\u1ea9m ph\u00f9 h\u1ee3p nhu c\u1ea7u v\u1ec1 gi\u00e1, t\u00ednh n\u0103ng k\u1ef9 thu\u1eadt, ti\u00eau chu\u1ea9n ch\u1ea5t l\u01b0\u1ee3ng. - V\u1edbi x\u00e3 h\u1ed9i: g\u00f3p ph\u1ea7n th\u00fac \u0111\u1ea9y n\u00e2ng cao ch\u1ea5t l\u01b0\u1ee3ng s\u1ed1ng cho ng\u01b0\u1eddi d\u00e2n, g\u00f3p ph\u1ea7n b\u1ea3o v\u1ec7 m\u00f4i tr\u01b0\u1eddng v\u00e0 ti\u1ebft ki\u1ec7m \u0111i\u1ec7n khi s\u1eed d\u1ee5ng thi\u1ebft b\u1ecb chi\u1ebfu s\u00e1ng s\u1eed d\u1ee5ng LED. - V\u1edbi \u0111\u1ed1i t\u00e1c: h\u1ee3p t\u00e1c c\u00f9ng ph\u00e1t tri\u1ec3n. wpdance L\u0129nh v\u1ef1c ho\u1ea1t \u0111\u1ed9ng - Chuy\u00ean cung c\u1ea5p thi\u1ebft b\u1ecb chi\u1ebfu s\u00e1ng s\u1eed d\u1ee5ng LED. - D\u1ecbch v\u1ee5 t\u01b0 v\u1ea5n thi\u1ebft k\u1ebf gi\u1ea3i ph\u00e1p chi\u1ebfu s\u00e1ng. - D\u1ecbch v\u1ee5 thi c\u00f4ng l\u1eafp \u0111\u1eb7t, b\u1ea3o tr\u00ec b\u1ea3o h\u00e0nh thi\u1ebft b\u1ecb chi\u1ebfu s\u00e1ng LED. Th\u1eddi xa x\u01b0a, con ng\u01b0\u1eddi ph\u1ea3i s\u1eed d\u1ee5ng l\u1eeda \u0111\u1ec3 t\u1ea1o ra ngu\u1ed3n s\u00e1ng. T\u1eeb th\u1ebf k\u1ef7 19, ph\u01b0\u01a1ng ph\u00e1p d\u00f9ng \u0111\u00e8n","protected":false},"author":1,"featured_media":0,"parent":0,"menu_order":13,"comment_status":"closed","ping_status":"closed","template":"","meta":[],"_links":{"self":[{"href":"https:\/\/phuonggia.chiliweb.org\/en\/wp-json\/wp\/v2\/pages\/423"}],"collection":[{"href":"https:\/\/phuonggia.chiliweb.org\/en\/wp-json\/wp\/v2\/pages"}],"about":[{"href":"https:\/\/phuonggia.chiliweb.org\/en\/wp-json\/wp\/v2\/types\/page"}],"author":[{"embeddable":true,"href":"https:\/\/phuonggia.chiliweb.org\/en\/wp-json\/wp\/v2\/users\/1"}],"replies":[{"embeddable":true,"href":"https:\/\/phuonggia.chiliweb.org\/en\/wp-json\/wp\/v2\/comments?post=423"}],"version-history":[{"count":9,"href":"https:\/\/phuonggia.chiliweb.org\/en\/wp-json\/wp\/v2\/pages\/423\/revisions"}],"predecessor-version":[{"id":876,"href":"https:\/\/phuonggia.chiliweb.org\/en\/wp-json\/wp\/v2\/pages\/423\/revisions\/876"}],"wp:attachment":[{"href":"https:\/\/phuonggia.chiliweb.org\/en\/wp-json\/wp\/v2\/media?parent=423"}],"curies":[{"name":"wp","href":"https:\/\/api.w.org\/{rel}","templated":true}]}}